{"id":566,"date":"2021-10-19T13:50:54","date_gmt":"2021-10-19T13:50:54","guid":{"rendered":"https:\/\/arcopiedra.com\/?page_id=566"},"modified":"2021-10-20T14:28:58","modified_gmt":"2021-10-20T14:28:58","slug":"pagina-en-construccion","status":"publish","type":"page","link":"https:\/\/arcopiedra.com\/","title":{"rendered":"P\u00e1gina en construcci\u00f3n"},"content":{"rendered":"\n<p>Estamos preparando nuestra p\u00e1gina web para ofrecerte con todo detalle nuestros servicios artesanales en piedra natural.<\/p>\n\n\n\n<p>En breve estar\u00e1n disponibles fotograf\u00edas de una gran variedad de columbarios individuales y familiares, capillas, sarc\u00f3fagos, cruces, l\u00e1pidas y algunos de los ejemplos de restauraciones que hemos realizado.<\/p>\n\n\n\n<p>Por el momento, puedes consultar nuestro cat\u00e1logo.<\/p>\n\n\n\n<p>No dudes en contactarnos.<\/p>\n\n\n\n<p>comercial@arcopiedra.com      Tlf. 616 457 085 <\/p>\n\n\n<div class=\"_df_book df-lite\" id=\"df_586\"  data-title=\"catalogo\" _slug=\"586\" wpoptions=\"true\" thumbtype=\"\" ><\/div><script class=\"df-shortcode-script\" type=\"application\/javascript\">window.option_df_586 = {\"outline\":[],\"height\":\"auto\",\"hard\":\"cover\",\"autoEnableOutline\":\"false\",\"autoEnableThumbnail\":\"false\",\"overwritePDFOutline\":\"false\",\"enableDownload\":\"true\",\"direction\":\"1\",\"pageSize\":\"0\",\"source\":\"https:\\\/\\\/arcopiedra.com\\\/wp-content\\\/uploads\\\/2021\\\/10\\\/Catalogo-pub2.pdf\",\"wpOptions\":\"true\"}; if(window.DFLIP && window.DFLIP.parseBooks){window.DFLIP.parseBooks();}<\/script>\n","protected":false},"excerpt":{"rendered":"<p>Estamos preparando nuestra p\u00e1gina web para ofrecerte con todo detalle nuestros servicios artesanales en piedra natural. En breve estar\u00e1n disponibles fotograf\u00edas de una gran variedad de columbarios individuales y familiares, capillas, sarc\u00f3fagos, cruces, l\u00e1pidas y algunos de los ejemplos de restauraciones que hemos realizado. Por el momento, puedes consultar nuestro cat\u00e1logo. No dudes en contactarnos. [&hellip;]<\/p>\n","protected":false},"author":1,"featured_media":0,"parent":0,"menu_order":0,"comment_status":"closed","ping_status":"closed","template":"","meta":{"_citadela_hide_page_title":"","_citadela_remove_header_space":"","_citadela_custom_class":"","_citadela_half_map_provider":"","_citadela_half_map_theme":"","_citadela_half_map_themeOSM":"","_citadela_half_map_customTheme":"","_citadela_half_map_dataType":"","_citadela_half_map_dynamicTrack":false,"_citadela_half_map_trackColor":"","_citadela_half_map_trackEndpointsColor":"","_citadela_half_map_filterCategory":"","_citadela_half_map_filterLocation":"","_citadela_half_map_filterFeatured":false,"_citadela_half_map_noDataBehavior":"empty-map","_citadela_half_map_noDataText":"","_citadela_half_map_clusterGridSize":80,"_citadela_header":true,"_citadela_header_over_content":false,"_citadela_header_text_color":"","_citadela_header_logo":{"id":557,"url":"https:\/\/arcopiedra.com\/wp-content\/uploads\/2021\/10\/cropped-logo-arco-piedra-bg.jpg","size":{"width":1118,"height":431}},"_citadela_header_bg_image":[],"_citadela_header_bg_position":{"x":0.5,"y":0.5},"_citadela_header_bg_size":"cover","_citadela_header_bg_repeat":"no-repeat","_citadela_header_bg_fixed":false,"_citadela_header_bg_color":"","_citadela_header_bg_image_overlay":"","_citadela_header_transparent_bg":false,"_citadela_content_width":"wide","_citadela_half_layout_position":"","footnotes":""},"class_list":["post-566","page","type-page","status-publish","hentry"],"_links":{"self":[{"href":"https:\/\/arcopiedra.com\/index.php\/wp-json\/wp\/v2\/pages\/566","targetHints":{"allow":["GET"]}}],"collection":[{"href":"https:\/\/arcopiedra.com\/index.php\/wp-json\/wp\/v2\/pages"}],"about":[{"href":"https:\/\/arcopiedra.com\/index.php\/wp-json\/wp\/v2\/types\/page"}],"author":[{"embeddable":true,"href":"https:\/\/arcopiedra.com\/index.php\/wp-json\/wp\/v2\/users\/1"}],"replies":[{"embeddable":true,"href":"https:\/\/arcopiedra.com\/index.php\/wp-json\/wp\/v2\/comments?post=566"}],"version-history":[{"count":9,"href":"https:\/\/arcopiedra.com\/index.php\/wp-json\/wp\/v2\/pages\/566\/revisions"}],"predecessor-version":[{"id":596,"href":"https:\/\/arcopiedra.com\/index.php\/wp-json\/wp\/v2\/pages\/566\/revisions\/596"}],"wp:attachment":[{"href":"https:\/\/arcopiedra.com\/index.php\/wp-json\/wp\/v2\/media?parent=566"}],"curies":[{"name":"wp","href":"https:\/\/api.w.org\/{rel}","templated":true}]}}